{"id":92,"date":"2017-01-15T07:54:05","date_gmt":"2017-01-15T07:54:05","guid":{"rendered":"http:\/\/katzenbetreuung-schwerin.de\/?page_id=92"},"modified":"2026-01-05T07:30:58","modified_gmt":"2026-01-05T07:30:58","slug":"referenzen","status":"publish","type":"page","link":"https:\/\/citycats-schwerin.de\/","title":{"rendered":"Willkommen"},"content":{"rendered":"<p><img loading=\"lazy\" decoding=\"async\" class=\"wp-image-280 aligncenter\" src=\"https:\/\/citycats-schwerin.de\/wp-content\/uploads\/2017\/01\/Fotolia_Nr.-1-300x147.jpg\" alt=\"\" width=\"469\" height=\"230\" srcset=\"https:\/\/citycats-schwerin.de\/wp-content\/uploads\/2017\/01\/Fotolia_Nr.-1-300x147.jpg 300w, https:\/\/citycats-schwerin.de\/wp-content\/uploads\/2017\/01\/Fotolia_Nr.-1-768x376.jpg 768w, https:\/\/citycats-schwerin.de\/wp-content\/uploads\/2017\/01\/Fotolia_Nr.-1-1024x501.jpg 1024w\" sizes=\"auto, (max-width: 469px) 100vw, 469px\" \/><\/p>\n<p style=\"text-align: center;\">Herzlich Willkommen bei der Mobilen Tierheilpraxis CiTY CATS Schwerin.<\/p>\n<p align=\"center\">Hier erhalten Sie kompetente psychologische Katzenverhaltensberatungen sowie sanfte, ganzheitliche Therapien f\u00fcr Ihre Katze. Schauen Sie sich gern auf der Homepage um.<\/p>\n<p align=\"center\">Professionelle, einf\u00fchlsame und effektive online- oder telefonische Beratungen biete ich bundesweit an.<\/p>\n<p align=\"center\">Des Weiterem komme ich auch gerne zu Ihnen nach Hause in und im Umkreis von Schwerin.\u00a0In regelm\u00e4\u00dfigen Abst\u00e4nden finden Hausbesuche in Wismar, Rostock sowie in der Prignitz statt.<\/p>\n<p style=\"text-align: center;\" align=\"center\"><a href=\"tel:\/\/+4938539449256\">Telefon CiTY CATS Schwerin 0385\/ 39 44 92 56<\/a><\/p>\n<p style=\"text-align: center;\" align=\"center\">Email-Adresse: info@citycats-schwerin.de<\/p>\n<p align=\"center\">\u00d6ffnungszeiten: Montag bis Freitag 8.00 Uhr &#8211; 18.00 Uhr.<\/p>\n<p align=\"center\">Ich freue\u00a0 mich auf Sie und Ihre Katze.<\/p>\n<p align=\"center\">Bis bald &#8211; Ihre Tierheilpraktikerin und Katzenpsychologin Susan Pioch<\/p>\n<p style=\"text-align: left;\" align=\"center\">Schreiben Sie mir gern eine Nachricht im Kontaktformular.<\/p>\n<p style=\"text-align: left;\" align=\"center\">Ich melde mich umgehend bei Ihnen zur\u00fcck.<\/p>\n<p style=\"text-align: center;\" align=\"center\">\n<div class=\"wpcf7 no-js\" id=\"wpcf7-f253-o1\" lang=\"de-DE\" dir=\"ltr\" data-wpcf7-id=\"253\">\n<div class=\"screen-reader-response\"><p role=\"status\" aria-live=\"polite\" aria-atomic=\"true\"><\/p> <ul><\/ul><\/div>\n<form action=\"\/index.php?rest_route=%2Fwp%2Fv2%2Fpages%2F92#wpcf7-f253-o1\" method=\"post\" class=\"wpcf7-form init\" aria-label=\"Kontaktformular\" novalidate=\"novalidate\" data-status=\"init\">\n<fieldset class=\"hidden-fields-container\"><input type=\"hidden\" name=\"_wpcf7\" value=\"253\" \/><input type=\"hidden\" name=\"_wpcf7_version\" value=\"6.1.5\" \/><input type=\"hidden\" name=\"_wpcf7_locale\" value=\"de_DE\" \/><input type=\"hidden\" name=\"_wpcf7_unit_tag\" value=\"wpcf7-f253-o1\" \/><input type=\"hidden\" name=\"_wpcf7_container_post\" value=\"0\" \/><input type=\"hidden\" name=\"_wpcf7_posted_data_hash\" value=\"\" \/><input type=\"hidden\" name=\"_wpcf7_recaptcha_response\" value=\"\" \/>\n<\/fieldset>\n<p><label> Ihr Name<br \/>\n<span class=\"wpcf7-form-control-wrap\" data-name=\"your-name\"><input size=\"40\" maxlength=\"400\" class=\"wpcf7-form-control wpcf7-text wpcf7-validates-as-required\" aria-required=\"true\" aria-invalid=\"false\" value=\"\" type=\"text\" name=\"your-name\" \/><\/span> <\/label>\n<\/p>\n<p><label> Ihre Telefonnummer<br \/>\n<span class=\"wpcf7-form-control-wrap\" data-name=\"Telefonnummer\"><input size=\"40\" maxlength=\"400\" class=\"wpcf7-form-control wpcf7-tel wpcf7-validates-as-required wpcf7-text wpcf7-validates-as-tel\" aria-required=\"true\" aria-invalid=\"false\" value=\"\" type=\"tel\" name=\"Telefonnummer\" \/><\/span> <\/label>\n<\/p>\n<p><label> Ihre E-Mail-Adresse<br \/>\n<span class=\"wpcf7-form-control-wrap\" data-name=\"your-email\"><input size=\"40\" maxlength=\"400\" class=\"wpcf7-form-control wpcf7-email wpcf7-validates-as-required wpcf7-text wpcf7-validates-as-email\" aria-required=\"true\" aria-invalid=\"false\" value=\"\" type=\"email\" name=\"your-email\" \/><\/span> <\/label>\n<\/p>\n<p><label> Betreff<br \/>\n<span class=\"wpcf7-form-control-wrap\" data-name=\"text-Katzenname\"><input size=\"40\" maxlength=\"400\" class=\"wpcf7-form-control wpcf7-text wpcf7-validates-as-required\" aria-required=\"true\" aria-invalid=\"false\" value=\"\" type=\"text\" name=\"text-Katzenname\" \/><\/span> <\/label>\n<\/p>\n<p><label> Ihre Nachricht<br \/>\n<span class=\"wpcf7-form-control-wrap\" data-name=\"your-message\"><textarea cols=\"40\" rows=\"10\" maxlength=\"2000\" class=\"wpcf7-form-control wpcf7-textarea\" aria-invalid=\"false\" name=\"your-message\"><\/textarea><\/span> <\/label><br \/>\n\n<\/p>\n<p><input class=\"wpcf7-form-control wpcf7-submit has-spinner\" type=\"submit\" value=\"Senden\" \/>\n<\/p><p style=\"display: none !important;\" class=\"akismet-fields-container\" data-prefix=\"_wpcf7_ak_\"><label>&#916;<textarea name=\"_wpcf7_ak_hp_textarea\" cols=\"45\" rows=\"8\" maxlength=\"100\"><\/textarea><\/label><input type=\"hidden\" id=\"ak_js_1\" name=\"_wpcf7_ak_js\" value=\"179\"\/><script>document.getElementById( \"ak_js_1\" ).setAttribute( \"value\", ( new Date() ).getTime() );<\/script><\/p><div class=\"wpcf7-response-output\" aria-hidden=\"true\"><\/div>\n<\/form>\n<\/div>\n<\/p>\n<p><img loading=\"lazy\" decoding=\"async\" class=\"wp-image-283 aligncenter\" src=\"https:\/\/citycats-schwerin.de\/wp-content\/uploads\/2016\/05\/Fotolia_Papa-entspannt-291x300.jpg\" alt=\"\" width=\"274\" height=\"282\" srcset=\"https:\/\/citycats-schwerin.de\/wp-content\/uploads\/2016\/05\/Fotolia_Papa-entspannt-291x300.jpg 291w, https:\/\/citycats-schwerin.de\/wp-content\/uploads\/2016\/05\/Fotolia_Papa-entspannt.jpg 682w\" sizes=\"auto, (max-width: 274px) 100vw, 274px\" \/><\/p>\n<p>&nbsp;<\/p>\n<p style=\"text-align: center;\" align=\"center\"><strong>\u00a0<\/strong><\/p>\n<p>&nbsp;<\/p>\n<p>&nbsp;<\/p>\n<p style=\"text-align: center;\"><em>\u00a0<\/em><\/p>\n<p>&nbsp;<\/p>\n<p>&nbsp;<\/p>\n<p>&nbsp;<\/p>\n<p>&nbsp;<\/p>\n<p>&nbsp;<\/p>\n","protected":false},"excerpt":{"rendered":"<p>Herzlich Willkommen bei der Mobilen Tierheilpraxis CiTY CATS Schwerin. Hier erhalten Sie kompetente psychologische Katzenverhaltensberatungen sowie sanfte, ganzheitliche Therapien f\u00fcr Ihre Katze. Schauen Sie sich gern auf der Homepage um. Professionelle, einf\u00fchlsame und effektive online- oder telefonische Beratungen biete ich bundesweit an. Des Weiterem komme ich auch gerne zu Ihnen nach Hause in und im [&hellip;]<\/p>\n","protected":false},"author":2,"featured_media":0,"parent":0,"menu_order":0,"comment_status":"closed","ping_status":"closed","template":"","meta":{"footnotes":""},"class_list":["post-92","page","type-page","status-publish","hentry"],"_links":{"self":[{"href":"https:\/\/citycats-schwerin.de\/index.php?rest_route=\/wp\/v2\/pages\/92","targetHints":{"allow":["GET"]}}],"collection":[{"href":"https:\/\/citycats-schwerin.de\/index.php?rest_route=\/wp\/v2\/pages"}],"about":[{"href":"https:\/\/citycats-schwerin.de\/index.php?rest_route=\/wp\/v2\/types\/page"}],"author":[{"embeddable":true,"href":"https:\/\/citycats-schwerin.de\/index.php?rest_route=\/wp\/v2\/users\/2"}],"replies":[{"embeddable":true,"href":"https:\/\/citycats-schwerin.de\/index.php?rest_route=%2Fwp%2Fv2%2Fcomments&post=92"}],"version-history":[{"count":439,"href":"https:\/\/citycats-schwerin.de\/index.php?rest_route=\/wp\/v2\/pages\/92\/revisions"}],"predecessor-version":[{"id":3484,"href":"https:\/\/citycats-schwerin.de\/index.php?rest_route=\/wp\/v2\/pages\/92\/revisions\/3484"}],"wp:attachment":[{"href":"https:\/\/citycats-schwerin.de\/index.php?rest_route=%2Fwp%2Fv2%2Fmedia&parent=92"}],"curies":[{"name":"wp","href":"https:\/\/api.w.org\/{rel}","templated":true}]}}