{"id":827,"date":"2018-01-26T18:18:22","date_gmt":"2018-01-26T18:18:22","guid":{"rendered":"https:\/\/citycats-schwerin.de\/?page_id=827"},"modified":"2018-01-26T18:28:21","modified_gmt":"2018-01-26T18:28:21","slug":"sterbebegleitung","status":"publish","type":"page","link":"https:\/\/citycats-schwerin.de\/?page_id=827","title":{"rendered":"Sterbebegleitung"},"content":{"rendered":"<p style=\"text-align: center;\">Die geliebte Katze einmal zu verlieren, ist nichts was man sich gern vorstellen m\u00f6chte.<\/p>\n<p style=\"text-align: center;\">Ist die Zeit jedoch gekommen, gibt es naturheilkundliche Unterst\u00fctzung und einf\u00fchlsame Hilfe f\u00fcr unsere Katzen, damit sie durch die einzelnen Sterbephasen, so sanft wie m\u00f6glich, hindurch gleiten k\u00f6nnen.<\/p>\n<p style=\"text-align: center;\">Wenn der nat\u00fcrliche Sterbeprozess durch eine Euthanasie sinnvoll verk\u00fcrzt werden darf, gibt es zuvor Rituale und Hilfestellungen, damit die Losl\u00f6sung von der k\u00f6rperlichen H\u00fclle, im Einverst\u00e4ndniss mit dem Tier und zur richtigen Zeit, leicht und schnell vonstatten gehen kann.<\/p>\n","protected":false},"excerpt":{"rendered":"<p>Die geliebte Katze einmal zu verlieren, ist nichts was man sich gern vorstellen m\u00f6chte. Ist die Zeit jedoch gekommen, gibt es naturheilkundliche Unterst\u00fctzung und einf\u00fchlsame Hilfe f\u00fcr unsere Katzen, damit sie durch die einzelnen Sterbephasen, so sanft wie m\u00f6glich, hindurch gleiten k\u00f6nnen. Wenn der nat\u00fcrliche Sterbeprozess durch eine Euthanasie sinnvoll verk\u00fcrzt werden darf, gibt es [&hellip;]<\/p>\n","protected":false},"author":2,"featured_media":0,"parent":0,"menu_order":0,"comment_status":"closed","ping_status":"closed","template":"","meta":{"footnotes":""},"class_list":["post-827","page","type-page","status-publish","hentry"],"_links":{"self":[{"href":"https:\/\/citycats-schwerin.de\/index.php?rest_route=\/wp\/v2\/pages\/827","targetHints":{"allow":["GET"]}}],"collection":[{"href":"https:\/\/citycats-schwerin.de\/index.php?rest_route=\/wp\/v2\/pages"}],"about":[{"href":"https:\/\/citycats-schwerin.de\/index.php?rest_route=\/wp\/v2\/types\/page"}],"author":[{"embeddable":true,"href":"https:\/\/citycats-schwerin.de\/index.php?rest_route=\/wp\/v2\/users\/2"}],"replies":[{"embeddable":true,"href":"https:\/\/citycats-schwerin.de\/index.php?rest_route=%2Fwp%2Fv2%2Fcomments&post=827"}],"version-history":[{"count":6,"href":"https:\/\/citycats-schwerin.de\/index.php?rest_route=\/wp\/v2\/pages\/827\/revisions"}],"predecessor-version":[{"id":837,"href":"https:\/\/citycats-schwerin.de\/index.php?rest_route=\/wp\/v2\/pages\/827\/revisions\/837"}],"wp:attachment":[{"href":"https:\/\/citycats-schwerin.de\/index.php?rest_route=%2Fwp%2Fv2%2Fmedia&parent=827"}],"curies":[{"name":"wp","href":"https:\/\/api.w.org\/{rel}","templated":true}]}}