{"id":447,"date":"2017-07-27T16:26:13","date_gmt":"2017-07-27T16:26:13","guid":{"rendered":"https:\/\/citycats-schwerin.de\/?page_id=447"},"modified":"2026-03-10T12:34:09","modified_gmt":"2026-03-10T12:34:09","slug":"qualifikationen","status":"publish","type":"page","link":"https:\/\/citycats-schwerin.de\/?page_id=447","title":{"rendered":"\u00fcber mich"},"content":{"rendered":"<p><img loading=\"lazy\" decoding=\"async\" class=\"size-medium wp-image-3541 aligncenter\" src=\"https:\/\/citycats-schwerin.de\/wp-content\/uploads\/2026\/03\/Yuri-Susan-227x300.jpeg\" alt=\"\" width=\"227\" height=\"300\" srcset=\"https:\/\/citycats-schwerin.de\/wp-content\/uploads\/2026\/03\/Yuri-Susan-227x300.jpeg 227w, https:\/\/citycats-schwerin.de\/wp-content\/uploads\/2026\/03\/Yuri-Susan-773x1024.jpeg 773w, https:\/\/citycats-schwerin.de\/wp-content\/uploads\/2026\/03\/Yuri-Susan-768x1017.jpeg 768w, https:\/\/citycats-schwerin.de\/wp-content\/uploads\/2026\/03\/Yuri-Susan.jpeg 1080w\" sizes=\"auto, (max-width: 227px) 100vw, 227px\" \/><\/p>\n<p style=\"text-align: center;\">Mein Name ist Susan Pioch. Ich lebe mit unseren aktuell 6 wundervollen Katzen in Schwerin-Neum\u00fchle.<\/p>\n<p style=\"text-align: center;\">Mit Katzen bin ich von klein auf gro\u00df geworden.<\/p>\n<p style=\"text-align: center;\">Seit 2011 bin ich zertifizierte Tierheilpraktikerin und seit 2019 zertifizierte Katzenverhaltenstherapeutin.<\/p>\n<p style=\"text-align: center;\">Meine Spezialisierung auf die Tierart Katze sowie meine vielen pers\u00f6nlichen Erfahrungen kommen Ihnen in den Therapien stets zu Gute.<\/p>\n<p style=\"text-align: center;\">Meine therapeutischen Schwerpunkte ist die psychologische Katzenverhaltensberatung, die Bachbl\u00fcten-\/ und Vitalpilztherapie, Healymat sowie die engergetische Prana-Heilungstechnik nach Master Choa Kok Sui.<\/p>\n<p style=\"text-align: center;\">Um auf dem aktuellsten Ausbildungsstand zu bleiben nehme ich an regelm\u00e4\u00dfigen Fortbildungen teil und bin Mitglied im Verband Deutscher Tierheilpraktiker, in Fortbildungsgruppen f\u00fcr Katzenverhaltensberaterinnen, Mitglied im Tiertherapeuten-Netzwerk der Mykotherapie (Vitalpilz-Therapie) sowie Mitglied bei Prana Germany e.V.<\/p>\n<p style=\"text-align: center;\"><strong>Aus- und Fortbildungen<\/strong><\/p>\n<p style=\"text-align: center;\">2025<\/p>\n<p style=\"text-align: center;\">Fortgeschrittene Prana Heilung III &#8211; Psycho Prana &#8211; nach Master Choa Kok Sui<\/p>\n<p style=\"text-align: center;\">Darm\u00f6kologie und Diarrhoe bei Hund und Katze<\/p>\n<p style=\"text-align: center;\">Allergie und Futtermittelunvertr\u00e4glichkeiten bei Hund und Katze<\/p>\n<p style=\"text-align: center;\">H\u00e4matologie<\/p>\n<p style=\"text-align: center;\">Laborwerte<\/p>\n<p style=\"text-align: center;\">2024<\/p>\n<p style=\"text-align: center;\">Mycotherapie bei Nierenschw\u00e4che<\/p>\n<p style=\"text-align: center;\">Die kardiologische Katze &#8211; Herzerkrankungen bei der Katze<\/p>\n<p style=\"text-align: center;\">Demenz bei Katzen &#8211; FCDS &#8211; Felines Kognitives Dysfunktions Syndrom<\/p>\n<p style=\"text-align: center;\">Gaumenspalte beim Welpen &#8211; woher kommt es und was kann ich tun<\/p>\n<p style=\"text-align: center;\">Vitalpilze bei Kitten und Welpen<\/p>\n<p style=\"text-align: center;\">2023<\/p>\n<p style=\"text-align: center;\">Bew\u00e4ltigungsstrategien und Psychosomatik bei Katzen<\/p>\n<p style=\"text-align: center;\">Prana Kristall Heilung nach Master Choa Kok Sui<\/p>\n<p style=\"text-align: center;\">psych. Traumabehandlung bei Katzen<\/p>\n<p style=\"text-align: center;\">Seltene psychische St\u00f6rungen bei der Katze<\/p>\n<p style=\"text-align: center;\">2022<\/p>\n<p style=\"text-align: center;\">Mykotherapie bei Epilepsie von Katzen und Hunden<\/p>\n<p style=\"text-align: center;\">Krankheitsbild Epilepsie bei Katzen und Hunden<\/p>\n<p style=\"text-align: center;\">Vokalisieren bei der Katze als Beratungsanlass<\/p>\n<p style=\"text-align: center;\">Vertiefung Unsauberkeit bei Katzen 1 und 2<\/p>\n<p style=\"text-align: center;\">Fortgeschrittene Prana-Heilung II nach Master Choa Kok Sui<\/p>\n<p style=\"text-align: center;\">Katzenzusammenf\u00fchrung und Managementma\u00dfnahmen<\/p>\n<p style=\"text-align: center;\">Ma\u00dfnahmen bei Unsauberkeit von Katzen<\/p>\n<p style=\"text-align: center;\">Anamnese in der Katzenverhaltensberatung<\/p>\n<p style=\"text-align: center;\">2021<\/p>\n<p style=\"text-align: center;\">Spannungen im Mehrkatzenhaushalt<\/p>\n<p style=\"text-align: center;\">Schmerzen bei Katzen erkennen und behandeln<\/p>\n<p style=\"text-align: center;\">katzenfreundliche Erziehungsma\u00dfnahmen<\/p>\n<p style=\"text-align: center;\">Katzenzusammenf\u00fchrung und diverse Managementma\u00dfnahmen<\/p>\n<p style=\"text-align: center;\">Click f\u00fcr Blick &#8211; Ver\u00e4nderung des Verhaltens<\/p>\n<p style=\"text-align: center;\">Lerntheorie bei der Katze &#8211; Anwendung f\u00fcr die Therapie<\/p>\n<p style=\"text-align: center;\">Lerntheorie Katze &#8211; Grundlagen f\u00fcr die Therapie<\/p>\n<p style=\"text-align: center;\">Funktionale Verhaltensanalyse Katze<\/p>\n<p style=\"text-align: center;\">Clickertraining in der Katzenverhaltensberatung<\/p>\n<p style=\"text-align: center;\">Lerntheorie bei der Katze<\/p>\n<p style=\"text-align: center;\">Grundkurs Prana-Heilung I nach Master Choa Kok Sui<\/p>\n<p style=\"text-align: center;\">2020<\/p>\n<p style=\"text-align: center;\">Vitalpilze bei Krebserkrankungen<\/p>\n<p style=\"text-align: center;\">Mykotherapie in der Tierheilkunde &#8211; Mykotherapeutenausbildung<\/p>\n<p style=\"text-align: center;\">Imfpung bei Hund und Katze<\/p>\n<p style=\"text-align: center;\">\u00a0Ausbildung zum Bachbl\u00fcthentherapeut &#8211; Katze<\/p>\n<p style=\"text-align: center;\">Chronischer Durchfall bei der Katze<\/p>\n<p style=\"text-align: center;\">Erkrankungen des Verdauungstraktes &#8211; Katze<\/p>\n<p style=\"text-align: center;\">2019<\/p>\n<p style=\"text-align: center;\">Psychologie und Verhaltenstherapie Katze &#8211; Abschluss Ausbildung Katzenverhaltenstherapeutin<\/p>\n<p style=\"text-align: center;\">Zahnheilkunde bei der Katze<\/p>\n<p style=\"text-align: center;\">Chronische Erkrankungen bei Hund und Katze<\/p>\n<p style=\"text-align: center;\">Allergien bei Hund und Katze<\/p>\n<p style=\"text-align: center;\">Alopezie (Haarausfall), Schwanzjagen, Stereotypien sowie ungesunde Verhaltensweisen bei der Katze<\/p>\n<p style=\"text-align: center;\">Psychologie und Verhaltenstherapie Katze &#8211; Ausbildung zur Katzenverhaltenstherapeutin<\/p>\n<p style=\"text-align: center;\">2018<\/p>\n<p style=\"text-align: center;\">Alopezie- und Juckreiz Ursachen, Futtermittelallergie und Unvertr\u00e4glichkeiten bei Hund und Katze<\/p>\n<p style=\"text-align: center;\">Stressmanagement: Mit der Katze zum Tierarzt<\/p>\n<p style=\"text-align: center;\">Wenn es juckt: Hauterkrankungen bei Katzen<\/p>\n<p style=\"text-align: center;\">Katzenern\u00e4hrung: Trends, was kommt und was bleibt<\/p>\n<p style=\"text-align: center;\">Wenn es kompliziert wird: Expertenwissen Katzengeburt<\/p>\n<p style=\"text-align: center;\">Pranic Healing I nach Master Choa Kok Sui<\/p>\n<p style=\"text-align: center;\">Psychologie und Verhaltenstherapie der Katze &#8211; Ausbildung zur Katzenverhaltenstherapeutin<\/p>\n<p style=\"text-align: center;\">2017<\/p>\n<p style=\"text-align: center;\">Verhaltenstherapie Katze<\/p>\n<p style=\"text-align: center;\">Verhaltensmedizin Katze<\/p>\n<p style=\"text-align: center;\">2016<\/p>\n<p style=\"text-align: center;\">Laborkunde Blutstatus<\/p>\n<p style=\"text-align: center;\">2015<\/p>\n<p style=\"text-align: center;\">Hautgesundheit in der Veterin\u00e4rpraxis<\/p>\n<p style=\"text-align: center;\">Strahlenschutz in der Tierheilkunde<\/p>\n<p style=\"text-align: center;\">Verhaltenskunde Pferd<\/p>\n<p style=\"text-align: center;\">2014<\/p>\n<p style=\"text-align: center;\">Laborkunde Endoparasiten bei Hunden, Katzen und Kleintieren<\/p>\n<p style=\"text-align: center;\">Veterin\u00e4rdermatologie<\/p>\n<p style=\"text-align: center;\">Harnsteine bei Hunden und Katzen<\/p>\n<p style=\"text-align: center;\">2013<\/p>\n<p style=\"text-align: center;\">Akupunktur und Meridianmassage in der Tierheilkunde<\/p>\n<p style=\"text-align: center;\">Laborkunde FLUTD, Cystits, Harnsteine bei der Katze<\/p>\n<p style=\"text-align: center;\">2012<\/p>\n<p style=\"text-align: center;\">Naturheilkunde f\u00fcr Reptilien<\/p>\n<p style=\"text-align: center;\">Zahnheilkunde bei Hunden und Katzen<\/p>\n<p style=\"text-align: center;\">Klassische Hom\u00f6opatie f\u00fcr Hunde und Katzen<\/p>\n<p style=\"text-align: center;\">Allergien bei Tieren<\/p>\n<p style=\"text-align: center;\">Verhaltenstherapie, Die Katze auf der Couch<\/p>\n<p style=\"text-align: center;\">2011<\/p>\n<p style=\"text-align: center;\">Abschlu\u00df als zertifizierte und verbandsgepr\u00fcfte Tierheilpraktikerin (VDT Verband Deutscher Tierheilpraktiker)<\/p>\n<p style=\"text-align: center;\">Sachkenntnis im Einzelhandel mit freiverk\u00e4uflichen Arzneimitteln<\/p>\n<p style=\"text-align: center;\">2010<\/p>\n<p style=\"text-align: center;\">Akupunktur Tierheilpraktiker<\/p>\n<p style=\"text-align: center;\">Bachbl\u00fctentherapie bei Tieren<\/p>\n<p style=\"text-align: center;\">Blutegeltherapie Pferd und Hund<\/p>\n<p style=\"text-align: center;\">2009<\/p>\n<p style=\"text-align: center;\">Beginn der Tierheilpraktiker-Ausbildung, Paracelsus Heilpraktiker Schulen<\/p>\n<p style=\"text-align: center;\">Tierkommunikation<\/p>\n<p style=\"text-align: center;\">2005<\/p>\n<p style=\"text-align: center;\">Reiki I. Grad im Usui-System der universellen Lebensenergie<\/p>\n<p><img loading=\"lazy\" decoding=\"async\" class=\"size-medium wp-image-88 aligncenter\" src=\"https:\/\/citycats-schwerin.de\/wp-content\/uploads\/2016\/12\/Fotolia_84388436_S-300x184.jpg\" alt=\"\" width=\"300\" height=\"184\" srcset=\"https:\/\/citycats-schwerin.de\/wp-content\/uploads\/2016\/12\/Fotolia_84388436_S-300x184.jpg 300w, https:\/\/citycats-schwerin.de\/wp-content\/uploads\/2016\/12\/Fotolia_84388436_S-768x472.jpg 768w, https:\/\/citycats-schwerin.de\/wp-content\/uploads\/2016\/12\/Fotolia_84388436_S.jpg 883w\" sizes=\"auto, (max-width: 300px) 100vw, 300px\" \/><\/p>\n","protected":false},"excerpt":{"rendered":"<p>Mein Name ist Susan Pioch. Ich lebe mit unseren aktuell 6 wundervollen Katzen in Schwerin-Neum\u00fchle. Mit Katzen bin ich von klein auf gro\u00df geworden. Seit 2011 bin ich zertifizierte Tierheilpraktikerin und seit 2019 zertifizierte Katzenverhaltenstherapeutin. Meine Spezialisierung auf die Tierart Katze sowie meine vielen pers\u00f6nlichen Erfahrungen kommen Ihnen in den Therapien stets zu Gute. Meine [&hellip;]<\/p>\n","protected":false},"author":2,"featured_media":0,"parent":0,"menu_order":0,"comment_status":"closed","ping_status":"closed","template":"","meta":{"footnotes":""},"class_list":["post-447","page","type-page","status-publish","hentry"],"_links":{"self":[{"href":"https:\/\/citycats-schwerin.de\/index.php?rest_route=\/wp\/v2\/pages\/447","targetHints":{"allow":["GET"]}}],"collection":[{"href":"https:\/\/citycats-schwerin.de\/index.php?rest_route=\/wp\/v2\/pages"}],"about":[{"href":"https:\/\/citycats-schwerin.de\/index.php?rest_route=\/wp\/v2\/types\/page"}],"author":[{"embeddable":true,"href":"https:\/\/citycats-schwerin.de\/index.php?rest_route=\/wp\/v2\/users\/2"}],"replies":[{"embeddable":true,"href":"https:\/\/citycats-schwerin.de\/index.php?rest_route=%2Fwp%2Fv2%2Fcomments&post=447"}],"version-history":[{"count":220,"href":"https:\/\/citycats-schwerin.de\/index.php?rest_route=\/wp\/v2\/pages\/447\/revisions"}],"predecessor-version":[{"id":3542,"href":"https:\/\/citycats-schwerin.de\/index.php?rest_route=\/wp\/v2\/pages\/447\/revisions\/3542"}],"wp:attachment":[{"href":"https:\/\/citycats-schwerin.de\/index.php?rest_route=%2Fwp%2Fv2%2Fmedia&parent=447"}],"curies":[{"name":"wp","href":"https:\/\/api.w.org\/{rel}","templated":true}]}}