{"id":2771,"date":"2023-02-06T16:43:28","date_gmt":"2023-02-06T16:43:28","guid":{"rendered":"https:\/\/citycats-schwerin.de\/?page_id=2771"},"modified":"2024-12-28T17:58:32","modified_gmt":"2024-12-28T17:58:32","slug":"labordiagnostik","status":"publish","type":"page","link":"https:\/\/citycats-schwerin.de\/?page_id=2771","title":{"rendered":"Labordiagnostik"},"content":{"rendered":"<p><img loading=\"lazy\" decoding=\"async\" class=\"wp-image-284 aligncenter\" src=\"https:\/\/citycats-schwerin.de\/wp-content\/uploads\/2016\/05\/Fotolia_Kitten-zweimal-300x241.jpg\" alt=\"\" width=\"332\" height=\"267\" srcset=\"https:\/\/citycats-schwerin.de\/wp-content\/uploads\/2016\/05\/Fotolia_Kitten-zweimal-300x241.jpg 300w, https:\/\/citycats-schwerin.de\/wp-content\/uploads\/2016\/05\/Fotolia_Kitten-zweimal-768x617.jpg 768w, https:\/\/citycats-schwerin.de\/wp-content\/uploads\/2016\/05\/Fotolia_Kitten-zweimal.jpg 773w\" sizes=\"auto, (max-width: 332px) 100vw, 332px\" \/><\/p>\n<p style=\"text-align: center;\">In manchen F\u00e4llen ist eine Laboruntersuchung, zur genauen Abkl\u00e4rung der krankmachenden Ursache, der Weg zur ganzheitlichen Heilung Ihres tierischen Lieblings.<\/p>\n<p style=\"text-align: center;\">Als Untersuchungsmaterial k\u00f6nnen schmerzfrei z.B. Abstriche von Haut, Nasensekret, Ohrenschmalz, Urin, Kot und Fellproben entnommen und analysiert werden.<\/p>\n<p style=\"text-align: center;\">Die angebotenen Laborleistungen umfassen beispielsweise:<\/p>\n<p style=\"text-align: center;\">Abmagerungs-Screen<\/p>\n<p style=\"text-align: center;\">Harnstatus inkl. Sediment, kulturelle Harnuntersuchungen<\/p>\n<p style=\"text-align: center;\">Darmflora-\/, Durchfall-\/, Dysbiose-\/ Viren-Screen<\/p>\n<p style=\"text-align: center;\">Mikroskopische Nahrungsausnutzung<\/p>\n<p style=\"text-align: center;\">Parasitologische Untersuchungen (Endo-\/Ektoparasiten), Giardien, Toxoplasma gondii, Corona<\/p>\n<p style=\"text-align: center;\">Mykologische Untersuchungen von krankmachenden Keimen, Hefen, Schimmelpilzen<\/p>\n<p style=\"text-align: center;\">Fellmineralien-Screen (mit einer Vielzahl von Mineralstoffen, Spurenelementen, toxischen Elementen)<\/p>\n<p style=\"text-align: center;\">In Zusammenarbeit mit einem Labor speziell f\u00fcr Tierheilpraktiker k\u00f6nnen noch viele weitere Untersuchungen durchgef\u00fchrt werden.<\/p>\n<p>&nbsp;<\/p>\n","protected":false},"excerpt":{"rendered":"<p>In manchen F\u00e4llen ist eine Laboruntersuchung, zur genauen Abkl\u00e4rung der krankmachenden Ursache, der Weg zur ganzheitlichen Heilung Ihres tierischen Lieblings. Als Untersuchungsmaterial k\u00f6nnen schmerzfrei z.B. Abstriche von Haut, Nasensekret, Ohrenschmalz, Urin, Kot und Fellproben entnommen und analysiert werden. Die angebotenen Laborleistungen umfassen beispielsweise: Abmagerungs-Screen Harnstatus inkl. Sediment, kulturelle Harnuntersuchungen Darmflora-\/, Durchfall-\/, Dysbiose-\/ Viren-Screen Mikroskopische Nahrungsausnutzung [&hellip;]<\/p>\n","protected":false},"author":2,"featured_media":0,"parent":0,"menu_order":0,"comment_status":"closed","ping_status":"closed","template":"","meta":{"footnotes":""},"class_list":["post-2771","page","type-page","status-publish","hentry"],"_links":{"self":[{"href":"https:\/\/citycats-schwerin.de\/index.php?rest_route=\/wp\/v2\/pages\/2771","targetHints":{"allow":["GET"]}}],"collection":[{"href":"https:\/\/citycats-schwerin.de\/index.php?rest_route=\/wp\/v2\/pages"}],"about":[{"href":"https:\/\/citycats-schwerin.de\/index.php?rest_route=\/wp\/v2\/types\/page"}],"author":[{"embeddable":true,"href":"https:\/\/citycats-schwerin.de\/index.php?rest_route=\/wp\/v2\/users\/2"}],"replies":[{"embeddable":true,"href":"https:\/\/citycats-schwerin.de\/index.php?rest_route=%2Fwp%2Fv2%2Fcomments&post=2771"}],"version-history":[{"count":22,"href":"https:\/\/citycats-schwerin.de\/index.php?rest_route=\/wp\/v2\/pages\/2771\/revisions"}],"predecessor-version":[{"id":3132,"href":"https:\/\/citycats-schwerin.de\/index.php?rest_route=\/wp\/v2\/pages\/2771\/revisions\/3132"}],"wp:attachment":[{"href":"https:\/\/citycats-schwerin.de\/index.php?rest_route=%2Fwp%2Fv2%2Fmedia&parent=2771"}],"curies":[{"name":"wp","href":"https:\/\/api.w.org\/{rel}","templated":true}]}}