{"id":150,"date":"2017-04-14T18:26:08","date_gmt":"2017-04-14T18:26:08","guid":{"rendered":"http:\/\/katzenbetreuung-schwerin.de\/?page_id=150"},"modified":"2024-07-23T07:47:40","modified_gmt":"2024-07-23T07:47:40","slug":"verhaltensberatung-bei-katzen","status":"publish","type":"page","link":"https:\/\/citycats-schwerin.de\/?page_id=150","title":{"rendered":"Katzenpsychologie"},"content":{"rendered":"<p><img loading=\"lazy\" decoding=\"async\" class=\" wp-image-1295 aligncenter\" src=\"https:\/\/citycats-schwerin.de\/wp-content\/uploads\/2018\/12\/Katzenklo-300x200.jpg\" alt=\"\" width=\"353\" height=\"235\" srcset=\"https:\/\/citycats-schwerin.de\/wp-content\/uploads\/2018\/12\/Katzenklo-300x200.jpg 300w, https:\/\/citycats-schwerin.de\/wp-content\/uploads\/2018\/12\/Katzenklo-768x513.jpg 768w, https:\/\/citycats-schwerin.de\/wp-content\/uploads\/2018\/12\/Katzenklo.jpg 848w\" sizes=\"auto, (max-width: 353px) 100vw, 353px\" \/><\/p>\n<p style=\"text-align: center;\"><strong>Ablauf einer psychologischen Katzenverhaltensberatung<\/strong><\/p>\n<p style=\"text-align: center;\">Der Erstkontakt mit Ihrer kurzen Problemschilderung ist f\u00fcr Sie kostenfrei.<\/p>\n<p style=\"text-align: center;\">Anschlie\u00dfend k\u00f6nnen wir gemeinsam einen Termin zu Ihrer individuellen Katzenverhaltensberatung vereinbaren. Die Beratung erfolgt telefonisch, online oder bei Ihnen zu Hause.<\/p>\n<p style=\"text-align: center;\">Ich werde die Ursachen des unerw\u00fcnschten Verhaltensproblems umfassend analysieren und empfehle Ihnen die passenden Gegenma\u00dfnahmen. (Basisberatung Dauer ca. 60-90 Min.)<\/p>\n<p style=\"text-align: center;\">In komplexen F\u00e4llen sind Nachgespr\u00e4che w\u00fcnschenswert. (Nachgespr\u00e4ch Dauer ca. 15-45 Min.)<\/p>\n<p style=\"text-align: center;\">Sollten zwischendurch dringende Fragen aufkommen, stehe ich Ihnen auch au\u00dferhalb der festen Beratungstermine zur Verf\u00fcgung.<\/p>\n<p style=\"text-align: center;\"><strong>Beispiele zu h\u00e4ufigen Beratungsanl\u00e4ssen<br \/>\n<\/strong><\/p>\n<p style=\"text-align: center;\">Anschaffung und Erziehung einer Katze<\/p>\n<p style=\"text-align: center;\">Spieltraining<\/p>\n<p style=\"text-align: center;\">Hurra ein Baby kommt dazu, die Familie wird gr\u00f6\u00dfer<\/p>\n<p style=\"text-align: center;\">Zusammenf\u00fchrung von Katzen<\/p>\n<p style=\"text-align: center;\">Zusammenf\u00fchrung Katze und Hund<\/p>\n<p style=\"text-align: center;\">Planung von Umz\u00fcgen und Reisen<\/p>\n<p style=\"text-align: center;\">Eingew\u00f6hnung in ein neues Zuhause<\/p>\n<p style=\"text-align: center;\">Haltungsberatung<\/p>\n<p style=\"text-align: center;\">Futterbetteln<\/p>\n<p style=\"text-align: center;\">Unsauberkeit mit Urin und Kot<\/p>\n<p style=\"text-align: center;\">Stress im Mehrkatzenhaushalt<\/p>\n<p style=\"text-align: center;\">unerw\u00fcnschtes Kratzen an M\u00f6beln und W\u00e4nden<\/p>\n<p style=\"text-align: center;\">\u00c4ngstlichkeit<\/p>\n<p style=\"text-align: center;\">\u00dcberm\u00e4\u00dfiges Putzverhalten, z.B. Kahllecken von Pfoten, Bauch und Innenschenkeln<\/p>\n<p style=\"text-align: center;\">Psychogene Alopezie (\u00fcberm\u00e4\u00dfiges Putzen z.B. Kahllecken von Bauch und Pfoten)<\/p>\n<p style=\"text-align: center;\">Felines Hyper\u00e4sthesie-Syndrom (nerv\u00f6ses Zucken und Umherflitzen)<\/p>\n<p style=\"text-align: center;\">agressives Verhalten gegen\u00fcber Menschen (kratzen\/bei\u00dfen)<\/p>\n<p style=\"text-align: center;\">agressives Verhalten gegen\u00fcber Katzen, Hunden<\/p>\n<p style=\"text-align: center;\">Hyperaktivit\u00e4t<\/p>\n<p style=\"text-align: center;\">den eigenen Schwanz jagen und attackieren<\/p>\n<p style=\"text-align: center;\">Fressen von ungenie\u00dfbaren Dingen z.B. Stoff, Plastik<\/p>\n<p style=\"text-align: center;\">imagin\u00e4re Fliegen fangen<\/p>\n<p style=\"text-align: center;\">traumatisierte Katzen<\/p>\n<p style=\"text-align: center;\">Vokalisieren, \u00fcberm\u00e4\u00dfiges Mijauen<\/p>\n<p style=\"text-align: center;\">akute und chronische Depression<\/p>\n<p style=\"text-align: center;\">n\u00e4chtliches Wecken und Unruhe, wenn es doch ruhig hergehen soll<\/p>\n<p style=\"text-align: center;\"><a href=\"tel:\/\/+4915739614231\">Telefon CiTY CATS Schwerin 0157\/ 39 61 42 31<\/a><\/p>\n<p style=\"text-align: center;\">E-Mail: info@citycats-schwerin.de<\/p>\n<p><img loading=\"lazy\" decoding=\"async\" class=\"size-medium wp-image-1315 aligncenter\" src=\"https:\/\/citycats-schwerin.de\/wp-content\/uploads\/2018\/12\/Katze-kratzt-300x198.jpg\" alt=\"\" width=\"300\" height=\"198\" srcset=\"https:\/\/citycats-schwerin.de\/wp-content\/uploads\/2018\/12\/Katze-kratzt-300x198.jpg 300w, https:\/\/citycats-schwerin.de\/wp-content\/uploads\/2018\/12\/Katze-kratzt-768x507.jpg 768w, https:\/\/citycats-schwerin.de\/wp-content\/uploads\/2018\/12\/Katze-kratzt.jpg 853w\" sizes=\"auto, (max-width: 300px) 100vw, 300px\" \/><\/p>\n<p style=\"text-align: center;\">\n","protected":false},"excerpt":{"rendered":"<p>Ablauf einer psychologischen Katzenverhaltensberatung Der Erstkontakt mit Ihrer kurzen Problemschilderung ist f\u00fcr Sie kostenfrei. Anschlie\u00dfend k\u00f6nnen wir gemeinsam einen Termin zu Ihrer individuellen Katzenverhaltensberatung vereinbaren. Die Beratung erfolgt telefonisch, online oder bei Ihnen zu Hause. Ich werde die Ursachen des unerw\u00fcnschten Verhaltensproblems umfassend analysieren und empfehle Ihnen die passenden Gegenma\u00dfnahmen. (Basisberatung Dauer ca. 60-90 Min.) [&hellip;]<\/p>\n","protected":false},"author":2,"featured_media":0,"parent":0,"menu_order":0,"comment_status":"closed","ping_status":"closed","template":"","meta":{"footnotes":""},"class_list":["post-150","page","type-page","status-publish","hentry"],"_links":{"self":[{"href":"https:\/\/citycats-schwerin.de\/index.php?rest_route=\/wp\/v2\/pages\/150","targetHints":{"allow":["GET"]}}],"collection":[{"href":"https:\/\/citycats-schwerin.de\/index.php?rest_route=\/wp\/v2\/pages"}],"about":[{"href":"https:\/\/citycats-schwerin.de\/index.php?rest_route=\/wp\/v2\/types\/page"}],"author":[{"embeddable":true,"href":"https:\/\/citycats-schwerin.de\/index.php?rest_route=\/wp\/v2\/users\/2"}],"replies":[{"embeddable":true,"href":"https:\/\/citycats-schwerin.de\/index.php?rest_route=%2Fwp%2Fv2%2Fcomments&post=150"}],"version-history":[{"count":110,"href":"https:\/\/citycats-schwerin.de\/index.php?rest_route=\/wp\/v2\/pages\/150\/revisions"}],"predecessor-version":[{"id":3084,"href":"https:\/\/citycats-schwerin.de\/index.php?rest_route=\/wp\/v2\/pages\/150\/revisions\/3084"}],"wp:attachment":[{"href":"https:\/\/citycats-schwerin.de\/index.php?rest_route=%2Fwp%2Fv2%2Fmedia&parent=150"}],"curies":[{"name":"wp","href":"https:\/\/api.w.org\/{rel}","templated":true}]}}