{"id":1307,"date":"2018-12-06T16:20:57","date_gmt":"2018-12-06T16:20:57","guid":{"rendered":"https:\/\/citycats-schwerin.de\/?page_id=1307"},"modified":"2019-10-04T09:33:35","modified_gmt":"2019-10-04T09:33:35","slug":"katzen-in-wohnungshaltung","status":"publish","type":"page","link":"https:\/\/citycats-schwerin.de\/?page_id=1307","title":{"rendered":"Katzen in reiner Wohnungshaltung brauchen"},"content":{"rendered":"<p><img loading=\"lazy\" decoding=\"async\" class=\"wp-image-1315 aligncenter\" src=\"https:\/\/citycats-schwerin.de\/wp-content\/uploads\/2018\/12\/Katze-kratzt-300x198.jpg\" alt=\"\" width=\"441\" height=\"291\" srcset=\"https:\/\/citycats-schwerin.de\/wp-content\/uploads\/2018\/12\/Katze-kratzt-300x198.jpg 300w, https:\/\/citycats-schwerin.de\/wp-content\/uploads\/2018\/12\/Katze-kratzt-768x507.jpg 768w, https:\/\/citycats-schwerin.de\/wp-content\/uploads\/2018\/12\/Katze-kratzt.jpg 853w\" sizes=\"auto, (max-width: 441px) 100vw, 441px\" \/><\/p>\n<h3><\/h3>\n<h3 style=\"text-align: center;\">\u00a0WASSER<\/h3>\n<p style=\"text-align: center;\">In der Regel platziert man das Wasser -nicht- in der N\u00e4he der Futterstelle. Warum? Katzen sind bekannterma\u00dfen sehr reinliche Tiere. Sie sind in gewisser Hinsicht sogar ziemlich hygienisch veranlagt. Eine Katze w\u00fcrde ihre Beute naturgem\u00e4\u00df nicht an einen dreckigen T\u00fcmpel oder an ein Wasserloch tragen. Hier k\u00f6nnte sich, aus Sicht der Katze, ihre leckere Beute mit Bakterien verseuchen und aasig werden. Die Katze frisst die Beute normalerweise sofort auf. Zumindest dann, wenn sie Hunger hat. Eine Au\u00dfnahme gibt es allerdings. Ist die frisch erjagte Beute sehr, sehr dreckig w\u00e4scht die Katze sogar au\u00dfnahmsweise ihre Beute sauber.\u00a0Der nat\u00fcrliche Instikt sagt der Katze, Wasser und feste Nahrung werden grundlegend an -verschiedenen- Orten aufgenommen.<\/p>\n<p style=\"text-align: center;\">Beliebt sind flache sowie breite Trinkgef\u00e4\u00dfe. Hier kann bequem geschlabbert werden ohne das die sensiblen Schnurrbarthaare durch Enge an der Schnauze zu sehr eingeknickt werden. Es eignen sich flache sowie breite Glas- oder Keramiksch\u00e4lchen sehr gut, die an verschiedenen Orten innerhalb des Katzenlebensraums platziert werden. Gef\u00e4\u00dfe aus Plastik k\u00f6nnen m\u00f6glicherweise den Geschmack des Wassers unangenehm ver\u00e4ndern. Weichmacher in Plastik l\u00f6sen sich h\u00e4ufig und gef\u00e4hrden zus\u00e4tzlich die Gesundheit. Katze lieben die Auswahl und benutzen gern mehrere Trinkwasserstellen, z.B. auf dem Fensterbrett oder in verschiedenen Nieschen der Wohnung. Einige Katzen bevorzugen fliesende Gew\u00e4sser. M\u00f6glicherweise lohnt sich die Anschaffung eines Katzentrinkbrunnen (z.B. aus Glas\/Keramik) oder man genie\u00dft das Ritual die Katze aus dem Wasserhahn trinken zu lassen. Das Trinkwasser in Deutschland hat eine hohe Qualit\u00e4t. M\u00f6chte man diese Qualit\u00e4t noch erh\u00f6hen gibt es spezielle Trinkwasserfilter die z.B. Kalk, Hormone etc. aus dem Wasser filtern. Solch ein speziell gefiltertes Wasser schmeckt nat\u00fcrlich noch besser. Hat die Katze eine geeignete Auswahl an Trinkgelegenheiten, f\u00f6rdert man so sogar die Wasseraufnahme. Dieses hat wiederrum den Vorteil, dass man langfristig gesehen u.a. die empfindlichen Nieren der\u00a0 Katze durch den Sp\u00fcleffekt pflegt.<\/p>\n<h3 style=\"text-align: center;\">\u00a0FUTTER<\/h3>\n<p style=\"text-align: center;\">Die Katze sollte stets ungehindeten Zugang zum Futter (24 Stunden am Tag) haben. Katzen fressen zwischen 12-16 kleine Mahlzeiten am Tag! In der Natur ist ihre erbeuteten Futterportionen relativ klein. Es wird wenig daf\u00fcr aber h\u00e4ufig gefressen. Bei \u00fcbergewichtigen Katzen empfiehlt es sich mehrmals t\u00e4glich eine kleine Portionen Feuchtfutter anzubieten. F\u00fcr den Hunger zwischendurch eignen sich Futterb\u00e4lle und Activity Boards recht gut die mit Trockenfutter, gegebenenfalls in der kalorinreduzierten Variante als so genanntes Indoor-Futter oder Low-Fat-Futter, bef\u00fcllt sind. So kann die Katzen den ganzen Tag \u00fcber verteilt ihre kleinen Portionen fressen, wird aber nicht zu \u00fcbergewichtig.<\/p>\n<p>&nbsp;<\/p>\n<h3 style=\"text-align: center;\">\u00a0KATZENTOiLETTEN<\/h3>\n<p style=\"text-align: center;\">Faustregel: Pro Katze 1 Toilette + 1 Katzentoiletten. Bestenfalls mit feink\u00f6rnigen, klumpfenden Katzenstreu, geruchlos, sauber und am liebsten ohne Deckel bzw. Haube. Mehrmals t\u00e4glich Urin\/Kothaufen entfernen. Regelm\u00e4\u00dfig komplett s\u00e4ubern. Katzen sind von Grund auf sehr reinliche Tiere. Mehr davon siehe <a href=\"https:\/\/citycats-schwerin.de\/?page_id=966\">Katzenklo-Management<\/a><\/p>\n<p>&nbsp;<\/p>\n<h3 style=\"text-align: center;\">RUHEPL\u00c4TZE<\/h3>\n<p style=\"text-align: center;\">Sind sehr wichtig f\u00fcr unsere Stubentiger. Verbringen sie doch zwischen 16-21 Stunden am Tag mit K\u00f6rperpflege, D\u00f6sen und schlafen. Katzen in reiner Wohnungshaltung schlafen mehr als Katzen die regelm\u00e4\u00dfig Freigang erleben. Am liebsten sind diese Ruhepl\u00e4tze erh\u00f6ht und mit Sichtschutz. Ganz nach dem Motto, selber das Umfeld sehen und beobachten k\u00f6nnen aber selbst nicht gesehen werden. Dann wird sich besonders wohlgef\u00fchlt. Bei \u00e4lteren Katzen sollte der Weg dorthin einfach gestaltet werden, zum Beispiel mit Tritthocker oder Kartons die als Stufen dienen k\u00f6nnen.<\/p>\n<p>&nbsp;<\/p>\n<h3 style=\"text-align: center;\">\u00a0KRATZGELEGENHEiTEN<\/h3>\n<p style=\"text-align: center;\">Das Kratzen ist ein elementares Bed\u00fcrfnis jeder Katze. Zum Einen sch\u00e4rft sie ihre Krallen, zum Anderen markiert sie ihre Umgebung mit Pheromonen. Des weiterem kratz die Katz\u00b4um Stress abzubauen und um Wohlgef\u00fchle aufzubauen. Katzen kratzen vornehmlich an Ein- und Ausg\u00e4ngen von R\u00e4umen, da jedes Zimmer ein neues Territorium, aus Sicht der Katze, darstellt. H\u00e4ufig auch in der N\u00e4he Ihrer Schlafstellen und auf dem Weg von der Schlaf- zur Futterstelle. Stellen oder bringen Sie in diesen Bereichen sichere und katzengerechte Kratzgelegenheiten auf bzw. an. Schlecht sind Kratzangebote die wackelig sind und mit der sie mit ihren Kralle sogar h\u00e4ngen bleiben k\u00f6nnte. Mag die Katze daran nicht kratzen, gef\u00e4llt ihr der Ort und\/ oder das Material nicht. Am liebsten m\u00f6gen Katzen wenn die Kratzgelegenheit Fasern ziehen kann.<\/p>\n<p>&nbsp;<\/p>\n<h3 style=\"text-align: center;\">\u00a0BESCH\u00c4FTIGUNG<\/h3>\n<p style=\"text-align: center;\">Katzen m\u00fcssen in der Natur ihre Beute selbst fangen und besch\u00e4ftigen sich einen gro\u00dfteil des Tages mit der Organisation von Nahrung. Sie m\u00f6chten lauern, anschleichen und Beute fangen spielen. Ganz toll sind Spielangeln die eine Beuteatrappe in der Gr\u00f6\u00dfe und Form einer Maus oder eines Vogels haben.\u00a0 Hiermit kann eine Jagdsequenz besonders gut nachgeahmt werden. Spielen Sie mit Ihrer Katze, aber machen Sie sich nicht selbst zum Spielobjekt. Das heisst, niemals die eigenen H\u00e4nde oder F\u00fc\u00dfe zum Spielen benutzen. Spielen Sie mindestens 2 x 10 Minuten t\u00e4glich mit Ihrer Katze. Bei Kitten wesentlich h\u00e4ufiger!<\/p>\n<p>&nbsp;<\/p>\n<h3 style=\"text-align: center;\">KATZENGRAS<\/h3>\n<p style=\"text-align: center;\">F\u00fcr unsere Katzen ist das knabbern an Pflanzen ein nat\u00fcrliches Bed\u00fcrfnis. Unsere Wohnungskatzen reinigen hierdurch ihren Magen- Darmtrakt von Haaren. Katzengras stellt eine unbedenkliche M\u00f6glichkeit f\u00fcr Katzen dar, denn viele Dekopflanzen sind sehr ungesund f\u00fcr Katzen. Finden Sie selbst heraus welches Katzengras Ihrem K\u00e4tzchen besonders schmeckt. Ob es nun Gras aus der Natur ist oder aus dem Fachhandel. Meistens bevorzugen sie ein Gras oder Pflanzen, die nicht zu hart bzw. zu scharfkantig aber auch nicht zu weich sind, au\u00dferdemm m\u00f6gen sie es oft morgens zu knabbern. Das Katzengras sollte stets zur Verf\u00fcgung angeboten werden. Wenn das Gras zwischendurch zur\u00fcckgeschnitten und mit etwas Wasser besprenkelt wird, wirkt es oftmals wieder attraktiv auf die Katze. Der Standort sollte wieder separat von allen anderen Ressoursen sein.<\/p>\n<h3><\/h3>\n<h3 style=\"text-align: center;\">FELLPFLEGE<\/h3>\n<p style=\"text-align: center;\">Unsere Samtpfoten sollten nettweise von uns regelm\u00e4\u00dfig in der Fellpflege unterst\u00fctzt werden. Es gibt verschiedene weiche und angenehme B\u00fcrsten und K\u00e4mme die daf\u00fcr sorgen, dass die abgestorbenen Haare leicht entfernt werden k\u00f6nnen. Ganz toll ist es, wenn mit Untensilien geb\u00fcrstet und gek\u00e4mmt wird, die auf die Katze sanft einwirken. Zum einen st\u00e4rkt es die Beziehung zwischen Tierhalter und Katze, zum Anderen verhindert man zu viel verschluckte Haare im Magen- Darmtrakt der Katzen die sogar zu einem Magen- Darmverschlu\u00df f\u00fchren k\u00f6nnen.<\/p>\n<p>&nbsp;<\/p>\n<h3 style=\"text-align: center;\">\u00a0ZUWENDUNG<\/h3>\n<p style=\"text-align: center;\">Katzen lieben ihre Unabh\u00e4ngingkeit. Sie entscheiden wann sie die N\u00e4he des Menschen als angenehm empfinden. Ihre Anh\u00e4nglichkeit wird umso gr\u00f6\u00dfer, je mehr sie das Gef\u00fchl haben, ihr Leben nach eigenem Willen und Wollen einrichten zu k\u00f6nnen. Die Katze ben\u00f6tigt jeden Tag Zuwendung von ihren Bezugspersonen. Da Katzen Individualisten sind, kann die Intensit\u00e4t des N\u00e4hebed\u00fcrfnisses sehr schwanken. Die meisten Katzen lieben es, wenn ihre Menschen mit ihnen leise und in einer lieblichen Tonart mit ihnen sprechen. Streicheleinheiten sollten jedes Mal respektvoll der Katze gegen\u00fcber, einf\u00fchlsam und sanft erfolgen. Sie lieben es vor allem am K\u00f6pfchen gestreichelt und sensibel gekrault zu werden. Grobe Streicheleinheiten oder sogar grobes Spiel f\u00fchrt zur Distanz dem Katzenhalter gegen\u00fcber, wom\u00f6glich sogar zu Angst und Agressivit\u00e4t der Katze gegen\u00fcber Menschen und anderen Tieren.<\/p>\n<p>&nbsp;<\/p>\n<h3 style=\"text-align: center;\">\u00a0RiTUALE<\/h3>\n<p style=\"text-align: center;\">Positive Rituale st\u00e4rken die Bindung zwischen dem Tierhalter und dem Tier. Sie sorgen f\u00fcr ein Gef\u00fchl von Regelm\u00e4\u00dfigkeit und Sicherheit.<\/p>\n<p>&nbsp;<\/p>\n<h3 style=\"text-align: center;\">\u00a0 SiCHERHEiT<\/h3>\n<p style=\"text-align: center;\">Leider kommt es immer wieder vor, dass Katzen von Balkonen oder aus dem Fenster st\u00fcrzen. Katzen haben einen Instinkt und wenn sie im Jagdtrieb sind, fokussieren sie ihre Beute und vergessen alles um sich herum. Katzen sind wahre K\u00fcnstler in ihrer Bewegung und landen, wenn sie genug Zeit haben sich zu drehen, auf Ihren Vorderpfoten. Allerdings st\u00fcrzen sie nicht von einem Apfelbaum auf eine weiche gr\u00fcne Blumenwiese, sondern leider h\u00e4ufig dann aus einer Etagenwohnung auf den harten Beton. Sichern Sie Fenster und Balkone mit geeigneten Schutznetzen!<\/p>\n<p style=\"text-align: center;\">Achtung Kippfenster: Sichern Sie Ihre offenen Kippfenster mit handels\u00fcblichem Kippfensterschutz ab oder verbauen Sie ihre Fensterfront so, dass der Katze der Zutritt zum Kippfenster verhindert wird. Andernfalls verschlie\u00dfen Sie Ihre Kippfenster, wenn Sie aus dem Hause gehen! Geraten die Katzen bei dem Versuch mal etwas Neues auszuprobieren, aus Langeweile oder weil sie hunger haben, durch den Spalt eines angekippten Fensters, bleiben sie oft stecken. Durch Befreiungsversuche rutschen sie immer weiter nach unten. Dadurch kommt es zur Unterbrechung der Blutversorgung und zu Quetschungen der Inneren Organe. Dieses sogenannte Kippfenster-Syndrom ist hochgradig lebensgef\u00e4hrlich und Bedarf einer sofortigen Notfall-Behandlung beim Tierarzt oder in einer Tierklinik.<\/p>\n<p>&nbsp;<\/p>\n<h3 style=\"text-align: center;\">MEHRKATZENHAUSHALT<\/h3>\n<p style=\"text-align: center;\">Damit keine Spannungen zwischen den Katzen auftreten, sollten alle genannten Punkte beachtet werden. Die meisten Spannungen treten aufgrund von Ressoursenmangel auf. Ressoursen aus Sicht der in der Wohnung gehaltenen Katze sind: genug saubere Katzentoiletten viele geeignete Kratzgelegenheiten, ruhige Entspannungs- und erh\u00f6hte Aussichtspl\u00e4tze, Futterpl\u00e4tze, Trinkgelegenheiten, liebevolle Zuwendung durch den Tierhalter. Diese Ressoursen d\u00fcrfen gern im \u00dcberfluss angeboten werden!<\/p>\n<h1 style=\"text-align: center;\">*<\/h1>\n<p style=\"text-align: center;\">Katzen brauchen stets ungehinderten Zugang zu gesundem Futter, sauberes Wasser, saubere Katzentoiletten und Ruhepl\u00e4tze. Sie ben\u00f6tigen eine Auswahl an Kratzgelegenheiten sowie liebevolle Zuwendung durch den Halter und Bezugspersonen. Sie ben\u00f6tigen diese F\u00fchrsorge t\u00e4glich, Tag ein Tag aus, zuverl\u00e4ssig und mit einer gro\u00dfen Portion einf\u00fchlsamer Liebe.<\/p>\n<p><em>\u00a0<\/em><\/p>\n<h1 style=\"text-align: center;\"><img loading=\"lazy\" decoding=\"async\" class=\"alignnone wp-image-440\" src=\"https:\/\/citycats-schwerin.de\/wp-content\/uploads\/2017\/07\/Katze-Balkon-200x300.jpg\" alt=\"\" width=\"243\" height=\"365\" srcset=\"https:\/\/citycats-schwerin.de\/wp-content\/uploads\/2017\/07\/Katze-Balkon-200x300.jpg 200w, https:\/\/citycats-schwerin.de\/wp-content\/uploads\/2017\/07\/Katze-Balkon-768x1151.jpg 768w, https:\/\/citycats-schwerin.de\/wp-content\/uploads\/2017\/07\/Katze-Balkon-683x1024.jpg 683w, https:\/\/citycats-schwerin.de\/wp-content\/uploads\/2017\/07\/Katze-Balkon.jpg 1571w\" sizes=\"auto, (max-width: 243px) 100vw, 243px\" \/><\/h1>\n<p>&nbsp;<\/p>\n","protected":false},"excerpt":{"rendered":"<p>\u00a0WASSER In der Regel platziert man das Wasser -nicht- in der N\u00e4he der Futterstelle. Warum? Katzen sind bekannterma\u00dfen sehr reinliche Tiere. Sie sind in gewisser Hinsicht sogar ziemlich hygienisch veranlagt. Eine Katze w\u00fcrde ihre Beute naturgem\u00e4\u00df nicht an einen dreckigen T\u00fcmpel oder an ein Wasserloch tragen. Hier k\u00f6nnte sich, aus Sicht der Katze, ihre leckere [&hellip;]<\/p>\n","protected":false},"author":2,"featured_media":0,"parent":0,"menu_order":0,"comment_status":"closed","ping_status":"closed","template":"","meta":{"footnotes":""},"class_list":["post-1307","page","type-page","status-publish","hentry"],"_links":{"self":[{"href":"https:\/\/citycats-schwerin.de\/index.php?rest_route=\/wp\/v2\/pages\/1307","targetHints":{"allow":["GET"]}}],"collection":[{"href":"https:\/\/citycats-schwerin.de\/index.php?rest_route=\/wp\/v2\/pages"}],"about":[{"href":"https:\/\/citycats-schwerin.de\/index.php?rest_route=\/wp\/v2\/types\/page"}],"author":[{"embeddable":true,"href":"https:\/\/citycats-schwerin.de\/index.php?rest_route=\/wp\/v2\/users\/2"}],"replies":[{"embeddable":true,"href":"https:\/\/citycats-schwerin.de\/index.php?rest_route=%2Fwp%2Fv2%2Fcomments&post=1307"}],"version-history":[{"count":67,"href":"https:\/\/citycats-schwerin.de\/index.php?rest_route=\/wp\/v2\/pages\/1307\/revisions"}],"predecessor-version":[{"id":1772,"href":"https:\/\/citycats-schwerin.de\/index.php?rest_route=\/wp\/v2\/pages\/1307\/revisions\/1772"}],"wp:attachment":[{"href":"https:\/\/citycats-schwerin.de\/index.php?rest_route=%2Fwp%2Fv2%2Fmedia&parent=1307"}],"curies":[{"name":"wp","href":"https:\/\/api.w.org\/{rel}","templated":true}]}}