{"id":1031,"date":"2018-06-26T09:51:32","date_gmt":"2018-06-26T09:51:32","guid":{"rendered":"https:\/\/citycats-schwerin.de\/?page_id=1031"},"modified":"2024-10-15T16:03:50","modified_gmt":"2024-10-15T16:03:50","slug":"datenschutz","status":"publish","type":"page","link":"https:\/\/citycats-schwerin.de\/?page_id=1031","title":{"rendered":"Datenschutz"},"content":{"rendered":"<p style=\"text-align: center;\"><strong>Datenschutz\u00a0 \u00a0\u00a0<\/strong><\/p>\n<p style=\"text-align: center;\">Verantwortliche Stelle im Sinne der Datenschutzverordnung DSGVO ist Susan Pioch.<\/p>\n<p style=\"text-align: center;\"><strong>Geltungsbereich<\/strong><\/p>\n<p style=\"text-align: center;\">Diese Datenschutzerkl\u00e4rung kl\u00e4rt Nutzer \u00fcber die Art, den Umfang und Zweck der Erhebung und die Verwendung personenbezogener Daten durch den verantwortlichen Anbieter auf dieser Website auf.<\/p>\n<p style=\"text-align: center;\">Die rechtlichen Grundlagen des Datenschutzes finden sich im Bundesdatenschutzgesetz<\/p>\n<p style=\"text-align: center;\">(BDSG) und dem Telemediengesetz (TMG).<\/p>\n<p style=\"text-align: center;\">Sowie die ab 28. Mai 2018 g\u00fcltige Grundlage der EU unter\u00a0<a href=\"https:\/\/dsgvo-gesetz.de\/\">https:\/\/dsgvo-gesetz.de\/<\/a><\/p>\n<p style=\"text-align: center;\"><strong>Datenschutzerkl\u00e4rung<\/strong><\/p>\n<p style=\"text-align: center;\">Sie k\u00f6nnen meine Website besuchen, ohne mir mitzuteilen, wer Sie sind. Sie bleiben anonym. Automatisch wird beim Besuch meiner Homepage der Name Ihrese Service Providers, die Adresse der Website, von der Sie zu mir gekommen sind, und die Seiten, die besucht werden protokolliert. Diese Informationen werden nicht zu statistischen Zwecken ausgewertet. Es erfolgt keine Weitergabe an Dritte.<\/p>\n<p style=\"text-align: center;\">Soweit Sie mir personenbezogene Daten zur Verf\u00fcgung gestellt haben, verwende ich diese nur zur Beantwortung Ihrer Anfrage, zur Abwicklung mit mir geschlossener Vertr\u00e4ge und f\u00fcr die technische Administration. Ihre personenbezogenen Daten werden an Dritte nur weitergeleitet oder sonst \u00fcbermittelt, wenn dies zum Zwecke der Vertragsabwicklung erforderlich ist, wenn dies zu Abrechnungszwecken erforderlich ist, oder Sie zuvor eingewilligt haben. Sie haben das Recht, eine erteilte Einwilligung mit Wirkung f\u00fcr die Zukunft zu widerrufen. Die L\u00f6schung der gespeicherten personenbezogenen Daten erfolgt, wenn Sie Ihre Einwilligung zur Speicherung widerrufen, wenn Ihre Kenntnis zur Erf\u00fcllung des mit der Speicherung verfolgten Zwecks nicht mehr erforderlich ist oder wenn Ihre Speicherung aus sonstigen gesetzlichen Gr\u00fcnden unzul\u00e4ssig ist.<\/p>\n<p style=\"text-align: center;\"><strong>Zugriffsdaten \/ Server Logfiles<\/strong><\/p>\n<p style=\"text-align: center;\">Der Anbieter bzw. sein Webspace-Provide erhebt Daten \u00fcber jeden Zugriff auf das Angebot, sogenannte Serverlogfiles.<\/p>\n<p style=\"text-align: center;\">Zu den Zugriffsdaten geh\u00f6ren:<br \/>\n&#8211; Name der abgerufenen Webseite, Datei, Datum und Uhrzeit des Abrufs<br \/>\n&#8211; \u00fcbertragene Datenmenge<br \/>\n&#8211; Meldung \u00fcber erfolgreichen Abruf<br \/>\n&#8211; Browsertyp nebst Version<br \/>\n&#8211; das Betriebssystem des Nutzers<br \/>\n&#8211; Referrer URL (die zuvor besuchte Seite)<br \/>\n&#8211; IP-Adresse und der anfragende Provider sowie Status-Information (z.B. Fehlercodes)<\/p>\n<p style=\"text-align: center;\">Der Anbieter verwendet die Protokolldaten nur f\u00fcr statistische Auswertungen zum Zweck des Betriebs, der Sicherheit und der Optimierung des Angebotes. Eine Weitergabe an Dritte erfolgt nicht. Personenbezogenen Nutzerprofile werden nicht erstellt. Der Anbieter beh\u00e4lt sich jedoch vor, die Protokolldaten nachtr\u00e4glich zu \u00fcberpr\u00fcfen, wenn aufgrund konkreter Anhaltspunkte der berechtigte Verdacht einer rechtswidrigen Nutzung besteht.<\/p>\n<p style=\"text-align: center;\"><strong>SSL-Verschl\u00fcsselung<\/strong><\/p>\n<p style=\"text-align: center;\">Um die Sicherheit Ihrer Daten bei der \u00dcbertragung zu sch\u00fctzen verwendet die mobile Tierheilpraxis, nach aktuellem Stand der Technik, ein entsprechendes Verschl\u00fcsselungsverfahren \u00fcber HTTPS sowie die Verschl\u00fcsselung von E-Mails mit PGP\/GnuPG.<\/p>\n<p style=\"text-align: center;\"><strong>Umgang mit personenbezogenen Daten<\/strong><\/p>\n<p style=\"text-align: center;\">Die mobile Tierheilpraxis CiTY CATS Schwerin nimmt den Schutz Ihrer pers\u00f6nlichen Daten sehr ernst. Sie behandelt Ihre personenbezogenen Daten vertraulich und entsprechen der gesetzlichen Datenschutzvorschriften sowie dieser Datenschutzerkl\u00e4rung.<\/p>\n<p style=\"text-align: center;\">Die Nutzung dieser Website ist in der Regel ohne Angaben personenbezogener Daten m\u00f6glich. Soweit auf diesen Seiten personenbezogene Daten z.B. Name, Anschrift oder Email-Adressen erhoben werden, erfolgt dies, soweit m\u00f6glich, stets auf freiwilliger Basis. Diese Daten werden ohne Ihre ausdr\u00fcckliche Zustimmung nicht an Dritte weitergeleitet.<\/p>\n<p style=\"text-align: center;\">Ich weise darauf hin, dass die Daten\u00fcbertragung im Internet z.B. bei E-Mail-Korrespondenz Sicherheitsl\u00fccken aufweisen kann. Ein l\u00fcckenloser Schutz der Daten vor dem Zugriff durch Dritte ist nicht m\u00f6glich.<\/p>\n<p style=\"text-align: center;\">Personenbezogene Daten sind Informationen, mit deren Hilfe eine Person bestimmbar, also Angaben, die zur\u00fcck zu einer Person verfolgt werden k\u00f6nnen. Dazu geh\u00f6ren der Name, die E-Mail-Adresse oder die Telefonnummer. Aber auch Daten \u00fcber Vorlieben, Hobbies, Mitgliedschaften oder welche Webseiten von jemanden angesehen werden, z\u00e4hlen zu personenbezogenen Daten.<\/p>\n<p style=\"text-align: center;\">Personenbezogene Daten werden von der Mobilen Tierheilpraxis CiTY CATS Schwerin nur dann erhoben, genutzt und weitergegeben, wenn dies gesetzlich erlaubt ist oder die Nutzer in die Datenerhebung einwilligen.<\/p>\n<p style=\"text-align: center;\"><strong>Kontaktaufnahme<\/strong><\/p>\n<p style=\"text-align: center;\">Bei der Kontaktaufnahme mit der Mobilen Tierheilpraxis CiTY CATS Schwerin (zum Beispiel per Kontaktformular oder E-Mail) werden die Angaben des Nutzers zwecks Bearbeitung der Anfrage sowie f\u00fcr den Fall, dass Anschlussfragen entstehen, gespeichert. Wenn Sie mir per Kontaktformular Anfragen zukommen lassen, werden Ihre Angaben aus dem Anfrageformular inklusive der von Ihnen dort angegebenen Kontaktdaten zwecks Bearbeitung der Anfrage und f\u00fcr den Fall von Anschlussfragen bei mir gespeichert. Diese Daten gebe ich nicht ohne Ihre Einwilligung weiter.<\/p>\n<p style=\"text-align: center;\"><strong>Kommentare und Beitr\u00e4ge<\/strong><\/p>\n<p style=\"text-align: center;\">Wenn Nutzer Kommentare im G\u00e4stebuch hinterlassen, werden ihre IP-Adressen gespeichert. Das erfolgt zur Sicherheit des Anbieters, falls jemand in Kommentaren und Beitr\u00e4gen widerrechtliche Inhalte schreibt (Beleidigungen, verbotene politische Propaganda etc.). In diesem Fall kann der Anbieter selbst f\u00fcr den Kommentar oder Beitrag belangt werden und ist daher an der Identit\u00e4t des Verfassers interessiert. Mit dem absenden eines Beitrages erkl\u00e4ren Sie sich ausdr\u00fccklich damit einverstanden, dass dieser Beitrag mit Datum und Uhrzeit auf der G\u00e4stebuchseite des Internetauftritts \u00f6ffentlich lesbar wird. Sollten Sie einen Beitrag l\u00f6schen oder korrigieren wollen, melden Sie sich bitte unter der im Impressum angegebenen E-Mail Adresse.<\/p>\n<p style=\"text-align: center;\"><strong>Cookies<\/strong><\/p>\n<p style=\"text-align: center;\">Cookies sind kleine Dateien, die es erm\u00f6glichen, auf dem Zugriffsger\u00e4t der Nutzer (PC, Smartphone oder \u00c4hnlich) spezifische, auf das Ger\u00e4t bezogene Informationen zu speichern. Sie dienen zum einem der Benutzerfreundlichkeit von Webseiten und damit den Nutzern (zum Beispiel Speicherung von Logindaten). Zum anderen dienen sie, um die statistische Daten der Webseitennutzung zu erfassen und sie zwecks Verbesserung des Angebotes analysieren zu k\u00f6nnen. Die Nutzer k\u00f6nnen auf den Einsatz der Cookies Einfluss nehmen. Die meisten Browser verf\u00fcgen eine Option mit der das Speichern von Cookies eingeschr\u00e4nkt oder komplett verhindert wird. Allerdings wird darauf hingewiesen, dass die Nutzung und insbesondere der Nutzungskomfort ohne Cookies eingeschr\u00e4nkt werden. In bestimmten F\u00e4llen werden so genannte tempor\u00e4re Cookies verwendet. Diese enthalten keine personenbezogenen Daten und werden nach Ablauf der Sitzung mit dem Schlie\u00dfen Ihres Web-Browsers automatisch gel\u00f6scht. Im Falle einer Verlinkung k\u00f6nnen Cookies von Drittanbietern zum Einsatz kommen, ohne dass ich Sie ausdr\u00fccklich darauf hinweisen kann. Die g\u00e4ngigen Browser erlauben es, die Verarbeitung solcher Cookies festzulegen, so dass Sie das Speichern dieser Cookies deaktivieren bzw. die Art der Verarbeitung durch Ihren Browser einstellen k\u00f6nnen.<\/p>\n<p style=\"text-align: center;\"><strong>Verwendung von Real Cookie Banner<\/strong><\/p>\n<p style=\"text-align: center;\">Zur Verwaltung der eingesetzten Cookies und \u00e4hnlichen Technologien (Tracking-Pixel, Web-Beacons etc.) und diesbez\u00fcglicher Einwilligungen setzen wir das Consent Tool &#8222;Real Cookie Banner&#8220; ein. Details zur Funktionsweise von &#8222;Real Cookie Banner&#8220; finden Sie unter &lt;a href=&#8220;https:\/\/devowl.io\/de\/rcb\/datenverarbeitung\/&#8220; rel=&#8220;noreferrer&#8220; target=&#8220;_blank&#8220;&gt;https:\/\/devowl.io\/rcb\/data-processing\/&lt;\/a&gt;.<\/p>\n<p style=\"text-align: center;\">Rechtsgrundlagen f\u00fcr die Verarbeitung von personenbezogenen Daten in diesem Zusammenhang sind Art. 6 Abs. 1 lit. c DS-GVO und Art. 6 Abs. 1 lit. f DS-GVO. Unser berechtigtes Interesse ist die Verwaltung der eingesetzten Cookies und \u00e4hnlichen Technologien und der diesbez\u00fcglichen Einwilligungen.<\/p>\n<p style=\"text-align: center;\">Die Bereitstellung der personenbezogenen Daten ist weder vertraglich vorgeschrieben noch f\u00fcr den Abschluss eines Vertrages notwendig. Sie sind nicht verpflichtet die personenbezogenen Daten bereitzustellen. Wenn Sie die personenbezogenen Daten nicht bereitstellen, k\u00f6nnen wir Ihre Einwilligungen nicht verwalten.<\/p>\n<p style=\"text-align: center;\"><strong>Nutzerstatistiken<\/strong><\/p>\n<p style=\"text-align: center;\">Auf dieser Website werden Daten zu Marketing- und Optimierungszwecken gesammelt und gespeichert. Aus diesen Daten k\u00f6nnen unter einem Pseudonym Nutzungsprofile erstellt werden. Hierzu k\u00f6nnen Cookies eingesetzt werden. Diese erm\u00f6glichen die Wiedererkennung des Internetbrowsers. Die erhobenen Daten werden ohne die gesondert erteilte Zustimmung des Betroffenen nicht dazu benutzt, den Besucher dieser Website pers\u00f6nlich zu identifizieren und nicht mit personenbezogenen Daten \u00fcber den Tr\u00e4ger des Pseudonyms zusammengef\u00fchrt. Die Datenerhebung und \/\u2013speicherung kann jederzeit mit Wirkung f\u00fcr die Zukunft widersprochen werden.<\/p>\n<p style=\"text-align: center;\">Nutzerstatistiken und Besucherzahlen werden der Mobilen Tierheilpraxis CiTY CATS Schwerin von dem Provider dieser Website im Baukastensystem zur Verf\u00fcgung gestellt und richten sich deshalb nach den Datenschutzrichtlinien des Providers. Ich \u00fcbernehme keine Haftung f\u00fcr dessen Richtigkeit setzt diese jedoch voraus. Unter diesem Link k\u00f6nnen die Datenschutzrichtlinien des Providers eingesehen werden. https:\/\/www.strato.de\/datenschutz\/<\/p>\n<p style=\"text-align: center;\"><strong>Recht auf Auskunft, L\u00f6schung, Sperrung<\/strong><strong><br \/>\n<\/strong><br \/>\nDer Nutzer hat das Recht, auf Antrag unentgeltlich Auskunft zu erhalten \u00fcber die personenbezogenen Daten, deren Herkunft und Empf\u00e4nger und den Zweck der Datenverarbeitung, die \u00fcber ihn gespeichert wurden. Zus\u00e4tzlich hat der Nutzer das Recht auf Berichtigung unrichtiger Daten, Sperrung und L\u00f6schung seiner personenbezogenen Daten, soweit dem keine gesetzliche Aufbewahrungspflicht entgegensteht.<\/p>\n<p style=\"text-align: center;\">Hierzu sowie zu weiteren Fragen zum Thema personenbezogene Daten k\u00f6nnen Sie sich jederzeit unter der im Impressum angegebenen Adresse an uns wenden.<\/p>\n<p style=\"text-align: center;\"><strong>Google Web Fonts<\/strong><\/p>\n<p style=\"text-align: center;\">Diese Website nutzt zur einheitlichen Darstellung von Schriftarten so genannte Web Fonts, die von Google bereitgestellt werden. Beim Aufruf einer Seite l\u00e4dt Ihr Browser die ben\u00f6tigten Web Fonts in Ihrem Browsercache, um Texte und Schriftarten korrekt anzuzeigen.<\/p>\n<p style=\"text-align: center;\">Zu diesem Zweck muss der von Ihnen verwendete Browser Verbindung zu den Servern von Google aufnehmen. Hierdurch erlangt Google Kenntnis dar\u00fcber, dass \u00fcber Ihre IP-Adresse umeine Website aufgerufen wurde. Wenn Soe zeitgleich in Ihrem Google-Account eingeloggt sind, k\u00f6nnte es sein, dass Google Ihr Surfverhalten direkt Ihrem pers\u00f6nlichen Profil zuordnen kann. Dies k\u00f6nnen Sie verhindern, indem Sie sich aus dem Google Account ausloggen.<\/p>\n<p style=\"text-align: center;\">Genauere Informationen \u00fcber den Datenaustausch zwischen Ihrem Browser und Google stellt uns Google nicht zur Verf\u00fcgung. Die Verantwortung f\u00fcr die datenschutzkonforme Behandlung der Daten ist ausschlie\u00dflich durch Google zu gew\u00e4hrleitsten.<br \/>\nWeiter Informationen zum Umgang mit Nutzerdaten finden Sie in der Datenschutzverordnung von Google unter: https:\/\/www.google.de\/intl\/de\/polocies\/privacy.<br \/>\nInformationen zu Google Web Fonts finden Sie unter: https:\/\/developers.google.com\/fonts\/faq.<\/p>\n<p style=\"text-align: center;\">Die Nutzung von Google Web Fonts erfolgt im Interesse einer einheitlichen und ansprechenden Darstellung meines Onlineauftritts. Dies stellt ein berechtigtes Interesse im Sinne von Art. 6Abs. 1 DSGVO dar.<br \/>\nUnterst\u00fctzt Ihr Browser Web Fonts nicht, wird eine Standartschriftart von Ihrem Computer genutzt.<\/p>\n<p style=\"text-align: center;\"><strong>Google Maps<\/strong><\/p>\n<p style=\"text-align: center;\">Diese Website verwendet Google Maps um geographische Informationen visuell darzustellen wie z.B. auf der Seite &#8222;Anfahrt&#8220;.<br \/>\nBei der Nutzung von Google Maps werden von Google Daten \u00fcber die Nutzung der Kartenfunktion durch Besucher erhoben, verarbeitet und genutzt. N\u00e4here Informationen \u00fcber die Datenschutzrichtlinien von Google k\u00f6nnen Sie den Datenschutzhinweisen von Google entnehmen. Dort k\u00f6nnen im Datenschutzcenter auch pers\u00f6nliche Daten in den Datenschutz-Einstellungen ver\u00e4ndert werden.<\/p>\n<p style=\"text-align: center;\"><strong>Links zu anderen Website<\/strong><\/p>\n<p style=\"text-align: center;\">Mein Internetangebot erh\u00e4lt Verweise zu Inhalten anderer Anbieter. Diese sind durch die Angaben anhand entsprechende Hinweise im Text oder durch die Kennzeichnungen erkennbar. Au\u00dferdem werden externe Verweise in einem eigenen Browserfenster ge\u00f6ffnet. Die Nutzung dieser fremden Inhalte unterliegt gegebenenfalls anderen Vorgaben als den hier dargestellten.<\/p>\n<p style=\"text-align: center;\">\u00a0<strong>Hinweis zum Provider<\/strong><\/p>\n<p style=\"text-align: center;\">Alle genutzten fertigen Elemente dieser Homepage werden der Mobilen Tierheilpraxis CiTY CATS Schwerin vom Provider dieser Website im Baukastensystem zur Verf\u00fcgung gestellt und richten sich deshalb nach den Datenschutzrichtlinien des Providers. Ich \u00fcbernehme keine Haftung f\u00fcr dessen Richtigkeit setzte diese jedoch voraus. Unter diesem Link k\u00f6nnen die Datenschutzrichtlinien des Providers eingesehen werden. https:\/\/www.strato.de\/datenschutz\/<\/p>\n<p style=\"text-align: center;\"><strong>\u00c4nderung und Anpassung der Datenschutzerkl\u00e4rung<\/strong><\/p>\n<p style=\"text-align: center;\">Ich behalte mir vor die Datenschutzbestimmungen gelegentlich anzupassen und an die gesetzlichen Bestimmungen anzupassen, damit Sie stets den aktuellen rechtlichen Anforderungen entsprechen oder um \u00c4nderungen meiner Leistungen in der Datenschutzerkl\u00e4rung umzusetzen, wenn ich zum Beispiel einen neuen Service anbiete. F\u00fcr Ihren erneuten Besuch gilt dann die neue Datenschutzerkl\u00e4rung.<\/p>\n<p style=\"text-align: center;\"><strong>Datenschutzbeauftragte<\/strong><\/p>\n<p style=\"text-align: center;\">Haben Sie Fragen zum Datenschutz schreiben Sie mich bitte unter info@citycats-schwerin.de an oder wenden Sie sich direkt an mich:<\/p>\n<p style=\"text-align: center;\">Susan Pioch<br \/>\nTierheilpraktikerin und Katzenverhaltenstherapeutin<br \/>\nTel.: 0385 39 44 92 56<\/p>\n<p>&nbsp;<\/p>\n","protected":false},"excerpt":{"rendered":"<p>Datenschutz\u00a0 \u00a0\u00a0 Verantwortliche Stelle im Sinne der Datenschutzverordnung DSGVO ist Susan Pioch. Geltungsbereich Diese Datenschutzerkl\u00e4rung kl\u00e4rt Nutzer \u00fcber die Art, den Umfang und Zweck der Erhebung und die Verwendung personenbezogener Daten durch den verantwortlichen Anbieter auf dieser Website auf. Die rechtlichen Grundlagen des Datenschutzes finden sich im Bundesdatenschutzgesetz (BDSG) und dem Telemediengesetz (TMG). Sowie die [&hellip;]<\/p>\n","protected":false},"author":2,"featured_media":0,"parent":0,"menu_order":0,"comment_status":"closed","ping_status":"closed","template":"","meta":{"footnotes":""},"class_list":["post-1031","page","type-page","status-publish","hentry"],"_links":{"self":[{"href":"https:\/\/citycats-schwerin.de\/index.php?rest_route=\/wp\/v2\/pages\/1031","targetHints":{"allow":["GET"]}}],"collection":[{"href":"https:\/\/citycats-schwerin.de\/index.php?rest_route=\/wp\/v2\/pages"}],"about":[{"href":"https:\/\/citycats-schwerin.de\/index.php?rest_route=\/wp\/v2\/types\/page"}],"author":[{"embeddable":true,"href":"https:\/\/citycats-schwerin.de\/index.php?rest_route=\/wp\/v2\/users\/2"}],"replies":[{"embeddable":true,"href":"https:\/\/citycats-schwerin.de\/index.php?rest_route=%2Fwp%2Fv2%2Fcomments&post=1031"}],"version-history":[{"count":16,"href":"https:\/\/citycats-schwerin.de\/index.php?rest_route=\/wp\/v2\/pages\/1031\/revisions"}],"predecessor-version":[{"id":3098,"href":"https:\/\/citycats-schwerin.de\/index.php?rest_route=\/wp\/v2\/pages\/1031\/revisions\/3098"}],"wp:attachment":[{"href":"https:\/\/citycats-schwerin.de\/index.php?rest_route=%2Fwp%2Fv2%2Fmedia&parent=1031"}],"curies":[{"name":"wp","href":"https:\/\/api.w.org\/{rel}","templated":true}]}}